{"id":25,"date":"2017-10-23T18:37:43","date_gmt":"2017-10-23T16:37:43","guid":{"rendered":"http:\/\/metaux.devref.be\/?page_id=25"},"modified":"2019-02-26T17:11:06","modified_gmt":"2019-02-26T16:11:06","slug":"entreprise-citoyenne","status":"publish","type":"page","link":"https:\/\/mebf.be\/fr\/entreprise-citoyenne\/","title":{"rendered":"Entreprise citoyenne"},"content":{"rendered":"<div class=\"wpb-content-wrapper\"><p>[vc_row][vc_column][vc_column_text]D\u00e8s la conception et tout au long du processus de fabrication, nous accordons une grande importance au respect de l\u2019environnement. Cela se traduit notamment par le tri et la r\u00e9cup\u00e9ration des d\u00e9chets de production.<\/p>\n<p>En compl\u00e9ment de ces actions, diff\u00e9rentes initiatives ont \u00e9t\u00e9 r\u00e9alis\u00e9es :<\/p>\n<ul>\n<li>Syst\u00e8me de r\u00e9cup\u00e9ration de chaleur des lasers pour chauffer les locaux<\/li>\n<li>Implantation de panneaux solaires en toiture<\/li>\n<li>Remplacement de l\u2019ensemble de l\u2019\u00e9clairage des ateliers par la technologie LED, repr\u00e9sentant une r\u00e9duction de 15% de notre empreinte carbone.<\/li>\n<\/ul>\n<p>[\/vc_column_text][vc_column_text]<\/p>\n<h4 style=\"text-align: center;\">Les dirigeants de l&#8217;entreprise sont des membres actifs d&#8217;associations et d&#8217;organisations diverses\u00a0:<\/h4>\n<p>[\/vc_column_text][vc_row_inner][vc_column_inner width=&#8221;1\/6&#8243;][\/vc_column_inner][vc_column_inner width=&#8221;2\/3&#8243;][vc_media_grid element_width=&#8221;3&#8243; gap=&#8221;35&#8243; grid_id=&#8221;vc_gid:1538389096006-2c4fe8c5-7a0e-3&#8243; include=&#8221;168,169,170,171,172,173,174&#8243;][\/vc_column_inner][vc_column_inner width=&#8221;1\/6&#8243;][\/vc_column_inner][\/vc_row_inner][\/vc_column][\/vc_row][vc_row][vc_column][\/vc_column][\/vc_row]<\/p>\n<\/div>","protected":false},"excerpt":{"rendered":"<p>[vc_row][vc_column][vc_column_text]D\u00e8s la conception et tout au long du processus de fabrication, nous accordons une grande importance au respect de l\u2019environnement. Cela se traduit notamment par le tri et la r\u00e9cup\u00e9ration des d\u00e9chets de production. En compl\u00e9ment de ces actions, diff\u00e9rentes initiatives ont \u00e9t\u00e9 r\u00e9alis\u00e9es : Syst\u00e8me de r\u00e9cup\u00e9ration de chaleur des lasers pour chauffer les&hellip;<\/p>\n","protected":false},"author":1,"featured_media":0,"parent":0,"menu_order":0,"comment_status":"closed","ping_status":"closed","template":"","meta":{"footnotes":""},"class_list":["post-25","page","type-page","status-publish","hentry","description-off"],"_links":{"self":[{"href":"https:\/\/mebf.be\/fr\/wp-json\/wp\/v2\/pages\/25","targetHints":{"allow":["GET"]}}],"collection":[{"href":"https:\/\/mebf.be\/fr\/wp-json\/wp\/v2\/pages"}],"about":[{"href":"https:\/\/mebf.be\/fr\/wp-json\/wp\/v2\/types\/page"}],"author":[{"embeddable":true,"href":"https:\/\/mebf.be\/fr\/wp-json\/wp\/v2\/users\/1"}],"replies":[{"embeddable":true,"href":"https:\/\/mebf.be\/fr\/wp-json\/wp\/v2\/comments?post=25"}],"version-history":[{"count":8,"href":"https:\/\/mebf.be\/fr\/wp-json\/wp\/v2\/pages\/25\/revisions"}],"predecessor-version":[{"id":850,"href":"https:\/\/mebf.be\/fr\/wp-json\/wp\/v2\/pages\/25\/revisions\/850"}],"wp:attachment":[{"href":"https:\/\/mebf.be\/fr\/wp-json\/wp\/v2\/media?parent=25"}],"curies":[{"name":"wp","href":"https:\/\/api.w.org\/{rel}","templated":true}]}}