{"id":23,"date":"2017-10-23T18:38:11","date_gmt":"2017-10-23T16:38:11","guid":{"rendered":"http:\/\/metaux.devref.be\/?page_id=23"},"modified":"2021-01-12T19:27:40","modified_gmt":"2021-01-12T18:27:40","slug":"recrutement","status":"publish","type":"page","link":"https:\/\/mebf.be\/fr\/recrutement\/","title":{"rendered":"Recrutement"},"content":{"rendered":"<div class=\"wpb-content-wrapper\"><p>[vc_row type=&#8221;vc_default&#8221; full_width=&#8221;stretch_row&#8221;][vc_column width=&#8221;1\/2&#8243;][vc_empty_space height=&#8221;70px&#8221;][vc_column_text]<\/p>\n<p style=\"text-align: justify;\">En vue de r\u00e9pondre aux besoins du march\u00e9, de satisfaire au mieux ses clients et de poursuivre son d\u00e9veloppement, MEBF sa est constamment \u00e0 la recherche de personnes de confiance, comp\u00e9tentes, r\u00e9actives et motiv\u00e9es.<\/p>\n<p style=\"text-align: justify;\">Vous trouverez, ci &#8211; dessous, les profils que nous recherchons actuellement. Si vous \u00eates int\u00e9ress\u00e9 par une offre d&#8217;emploi, prenez notre contact rapidement. Vous pouvez \u00e9galement, au moyen du formulaire pr\u00e9vu en page Contacts de ce site, nous adresser une candidature spontan\u00e9e.<\/p>\n<p style=\"text-align: justify;\">Dans les deux cas, nous examinerons votre candidature avec la plus grande attention et dans la plus grande discr\u00e9tion Profil(s) actuellement recherch\u00e9(s) :\u00a0 Les r\u00e9ponses seront envoy\u00e9es : soit \u00e0 une adresse e-mail d\u00e9di\u00e9e : <strong>rh@mebf.be<\/strong> soit par courrier \u00e0 : <strong>MEBF SA Service du personnel Rue Haute Marexhe, 176 B-4040 Herstal<\/strong><\/p>\n<p>[\/vc_column_text][vc_empty_space height=&#8221;70px&#8221;][\/vc_column][vc_column width=&#8221;1\/2&#8243;][vc_empty_space height=&#8221;70px&#8221;][vc_single_image image=&#8221;795&#8243; img_size=&#8221;full&#8221; style=&#8221;vc_box_border&#8221; css_animation=&#8221;slideInUp&#8221;][\/vc_column][\/vc_row]<\/p>\n<\/div>","protected":false},"excerpt":{"rendered":"<p>[vc_row type=&#8221;vc_default&#8221; full_width=&#8221;stretch_row&#8221;][vc_column width=&#8221;1\/2&#8243;][vc_empty_space height=&#8221;70px&#8221;][vc_column_text] En vue de r\u00e9pondre aux besoins du march\u00e9, de satisfaire au mieux ses clients et de poursuivre son d\u00e9veloppement, MEBF sa est constamment \u00e0 la recherche de personnes de confiance, comp\u00e9tentes, r\u00e9actives et motiv\u00e9es. Vous trouverez, ci &#8211; dessous, les profils que nous recherchons actuellement. Si vous \u00eates int\u00e9ress\u00e9 par&hellip;<\/p>\n","protected":false},"author":1,"featured_media":0,"parent":0,"menu_order":0,"comment_status":"closed","ping_status":"closed","template":"","meta":{"footnotes":""},"class_list":["post-23","page","type-page","status-publish","hentry","description-off"],"_links":{"self":[{"href":"https:\/\/mebf.be\/fr\/wp-json\/wp\/v2\/pages\/23","targetHints":{"allow":["GET"]}}],"collection":[{"href":"https:\/\/mebf.be\/fr\/wp-json\/wp\/v2\/pages"}],"about":[{"href":"https:\/\/mebf.be\/fr\/wp-json\/wp\/v2\/types\/page"}],"author":[{"embeddable":true,"href":"https:\/\/mebf.be\/fr\/wp-json\/wp\/v2\/users\/1"}],"replies":[{"embeddable":true,"href":"https:\/\/mebf.be\/fr\/wp-json\/wp\/v2\/comments?post=23"}],"version-history":[{"count":15,"href":"https:\/\/mebf.be\/fr\/wp-json\/wp\/v2\/pages\/23\/revisions"}],"predecessor-version":[{"id":2254,"href":"https:\/\/mebf.be\/fr\/wp-json\/wp\/v2\/pages\/23\/revisions\/2254"}],"wp:attachment":[{"href":"https:\/\/mebf.be\/fr\/wp-json\/wp\/v2\/media?parent=23"}],"curies":[{"name":"wp","href":"https:\/\/api.w.org\/{rel}","templated":true}]}}