{"id":16,"date":"2017-10-23T18:36:54","date_gmt":"2017-10-23T16:36:54","guid":{"rendered":"http:\/\/metaux.devref.be\/?page_id=16"},"modified":"2018-10-01T12:19:46","modified_gmt":"2018-10-01T10:19:46","slug":"references","status":"publish","type":"page","link":"https:\/\/mebf.be\/fr\/references\/","title":{"rendered":"R\u00e9f\u00e9rences"},"content":{"rendered":"<div class=\"wpb-content-wrapper\"><p>[vc_row][vc_column][vc_column_text]<\/p>\n<h4 style=\"text-align: center;\">L&#8217;entreprise poss\u00e8de de nombreuses r\u00e9f\u00e9rences dans divers domaines d&#8217;activit\u00e9s :<\/h4>\n<p>[\/vc_column_text][vc_row_inner][vc_column_inner width=&#8221;1\/6&#8243;][\/vc_column_inner][vc_column_inner width=&#8221;2\/3&#8243;]<style type='text\/css'>\r\n\t\t\t\t#gallery-1 {\r\n\t\t\t\t\tmargin: auto;\r\n\t\t\t\t}\r\n\t\t\t\t#gallery-1.FGM-Collage .fg-gallery-item {\r\n\t\t\t\t\ttext-align: center;\t\t\t\r\n\t\t\t\t}\r\n\t\t\t\t#gallery-1 .fg-gallery-caption {\r\n\t\t\t\t\tmargin-left: 0;\r\n\t\t\t\t}\r\n\t\t\t\t#gallery-1.fastgallery_mosaic .fg-gallery-caption, \r\n\t\t\t\t#gallery-1.fastgallery_mosaic .fg-gallery-caption:hover {\r\n\t\t\t\t\tbackground-color:rgba( 30 , 115 , 190 , 1);\r\n\t\t\t\t}\r\n\t\t\t\t#gallery-1.fastgallery_mosaic.gallery .gallery-icon .fg_zoom a, \r\n\t\t\t\t#gallery-1.fastgallery_mosaic.gallery .gallery-icon .fg_zoom a:hover {\r\n\t\t\t\t\tcolor:#1e73be;\r\n\t\t\t\t}\r\n\t\t\t\t#gallery-1.fastgallery_mosaic.fg_style1 .fg-gallery-caption {\r\n\t\t\t\t\tcolor:#ffffff;\t\r\n\t\t\t\t}\r\n\t\t\t\t#gallery-1.fastgallery_mosaic.gallery.fg_style2 .gallery-icon .fg_zoom a {\r\n\t\t\t\t\tbackground:rgba( 255 , 255 , 255 , 0.3);\r\n\t\t\t\t}\r\n\t\t\t\t#gallery-1.fastgallery_mosaic.fg_style2 .fg-gallery-caption {\r\n\t\t\t\t\tcolor:#ffffff;\t\r\n\t\t\t\t}\t\t\t\r\n\t\t\t\t#gallery-1.fastgallery_mosaic.gallery.fg_style3 .fg_zoom, #gallery-1.fastgallery_mosaic.gallery.fg_style3 .fg_zoom:hover {\r\n\t\t\t\t\tbackground:rgba( 30 , 115 , 190 , 1);\r\n\t\t\t\t}\r\n\t\t\t\t#gallery-1.fastgallery_mosaic.fg_style3 .fg-gallery-caption {\r\n\t\t\t\t\tcolor:#ffffff;\t\r\n\t\t\t\t}\t\t\t\t\r\n\t\t\t\t#gallery-1.fastgallery_mosaic.fg_style4 .fg-gallery-caption,\t\t\t\r\n\t\t\t\t#gallery-1.fastgallery_mosaic.gallery.fg_style4 .gallery-icon .fg_zoom a, \r\n\t\t\t\t#gallery-1.fastgallery_mosaic.gallery.fg_style4 .gallery-icon .fg_zoom a:hover {\r\n\t\t\t\t\tcolor:#ffffff;\r\n\t\t\t\t}\r\n\t\t\t\t#gallery-1.fastgallery_mosaic.gallery.fg_style4 .gallery-icon .fg_zoom a, \r\n\t\t\t\t#gallery-1.fastgallery_mosaic.gallery.fg_style4 .gallery-icon .fg_zoom a:hover\t{\r\n\t\t\t\t\tbackground:rgba( 30 , 115 , 190 , 1);\r\n\t\t\t\t}\t\t\t\r\n\t\t\t\t#gallery-1.fastgallery_mosaic.gallery.fg_style5 .gallery-icon .fg_zoom a, \r\n\t\t\t\t#gallery-1.fastgallery_mosaic.gallery.fg_style5 .gallery-icon .fg_zoom a:hover\t{\r\n\t\t\t\t\tcolor:#ffffff;\r\n\t\t\t\t\tbackground-color:rgba( 30 , 115 , 190 , 1);\r\n\t\t\t\t}\t\t\t\t\t\r\n\t\t\t\t#gallery-1.fastgallery_mosaic.gallery.fg_style6 .gallery-icon .fg_zoom a,\r\n\t\t\t\t#gallery-1.fastgallery_mosaic.gallery.fg_style6 .gallery-icon .fg_zoom a:hover {\r\n\t\t\t\t\tcolor:#ffffff;\r\n\t\t\t\t\tbackground:rgba( 30 , 115 , 190 , 1);\t\t\t\t\r\n\t\t\t\t}\r\n\t\t\t\r\n\t\t\t\t#gallery-1.fastgallery_mosaic.fg_style6 .fg-gallery-caption {\r\n\t\t\t\t\tcolor:#ffffff;\t\r\n\t\t\t\t}\r\n\t\t\t\t#gallery-1.fastgallery_mosaic.gallery.fg_style7 .gallery-icon .fg_zoom a,\r\n\t\t\t\t#gallery-1.fastgallery_mosaic.gallery.fg_style7 .gallery-icon .fg_zoom a:hover {\r\n\t\t\t\t\tcolor:#ffffff;\r\n\t\t\t\t\tbackground:rgba( 30 , 115 , 190 , 1);\t\t\t\t\r\n\t\t\t\t}\t\t\r\n\t\t\t\t#gallery-1.fastgallery_mosaic.fg_style7 .fg-gallery-caption {\r\n\t\t\t\t\tcolor:#ffffff;\t\r\n\t\t\t\t}\r\n\t\t\t\t\r\n\t\t\t\t#gallery-1.fastgallery_mosaic.gallery.fg_style8 .gallery-icon .fg_zoom a,\r\n\t\t\t\t#gallery-1.fastgallery_mosaic.gallery.fg_style8 .gallery-icon .fg_zoom a:hover {\r\n\t\t\t\t\tcolor:#ffffff;\r\n\t\t\t\t\tbackground:rgba( 30 , 115 , 190 , 1);\t\t\t\t\r\n\t\t\t\t}\r\n\t\t\t\r\n\t\t\t\t#gallery-1.fastgallery_mosaic.fg_style8 .fg-gallery-caption {\r\n\t\t\t\t\tcolor:#ffffff;\t\r\n\t\t\t\t}\r\n\t\t\t\t\r\n\t\t\t\t#gallery-1.fastgallery_mosaic.gallery.fg_style9 .gallery-icon .fg_zoom a,\r\n\t\t\t\t#gallery-1.fastgallery_mosaic.gallery.fg_style9 .gallery-icon .fg_zoom a:hover {\r\n\t\t\t\t\tcolor:#ffffff;\r\n\t\t\t\t\tbackground:rgba( 30 , 115 , 190 , 1);\t\t\t\t\r\n\t\t\t\t}\t\t\r\n\t\t\t\t#gallery-1.fastgallery_mosaic.fg_style9 .fg-gallery-caption {\r\n\t\t\t\t\tcolor:#ffffff;\t\r\n\t\t\t\t}\r\n\t\t\t\t\r\n\t\t\t\t#gallery-1.fastgallery_mosaic.gallery.fg_style10 .gallery-icon .fg_zoom a,\r\n\t\t\t\t#gallery-1.fastgallery_mosaic.gallery.fg_style10 .gallery-icon .fg_zoom a:hover {\r\n\t\t\t\t\tcolor:#ffffff;\r\n\t\t\t\t\tbackground:rgba( 30 , 115 , 190 , 1);\t\t\t\t\r\n\t\t\t\t}\t\t\r\n\t\t\t\t#gallery-1.fastgallery_mosaic.fg_style10 .fg-gallery-caption {\r\n\t\t\t\t\tcolor:#ffffff;\t\r\n\t\t\t\t}#gallery-1.fastgallery_mosaic.gallery span {\r\n\t\t\t\t\t\t\t\t\t\tfont-size:20px!important;\r\n\t\t\t\t\t}\r\n\t\t\t\t\t#gallery-1.fastgallery_mosaic.gallery .gallery-icon .fg-zoom-icon {\r\n\t\t\t\t\t\t\t\t\t\tmargin-left:-10px!important;\r\n\t\t\t\t\t\t\t\t\t\tmargin-top:-40px;\r\n\t\t\t\t\t}\r\n\t\t\t\t\t#gallery-1.fastgallery_mosaic.gallery.fg_style2 .gallery-icon .fg-zoom-icon,\r\n\t\t\t\t\t#gallery-1.fastgallery_mosaic.gallery.fg_style5 .gallery-icon .fg-zoom-icon  {\r\n\t\t\t\t\t\t\t\t\t\tmargin-top:-10px;\r\n\t\t\t\t\t}\t\t\r\n\t\t\t\t\t#gallery-1.fastgallery_mosaic.gallery .gallery-icon.no-caption .fg-zoom-icon {\r\n\t\t\t\t\t\t\t\t\t\tmargin-top:-10px!important;\r\n\t\t\t\t\t}\r\n\t\t\t\t\t#gallery-1.fastgallery_mosaic.fg_style7 .fg-gallery-caption,\r\n\t\t\t\t\t#gallery-1.fastgallery_mosaic.fg_style8 .fg-gallery-caption {\r\n\t\t\t\t\t\t\t\t\t\ttop:55%;\r\n\t\t\t\t\t}\r\n\t\t\t\t\t<\/style>\n\t\t<script type=\"text\/javascript\">jQuery(function($){\r\n\t\t\t\t\t\t\t$(window).load(function () {\r\n\t\t\t\t\t\twindow.onresize = function(){ location.reload(); }\r\n\t\t\t\t\t\tvar mq = window.matchMedia( \"(min-width: 1000px)\" );\r\n\t\t\t\t\t\tif (mq.matches) {\t\r\n\t\t\t\t\t\t\t\r\n\t\t\t\t\t\t\t\t\tfunction collage() {\r\n\t\t\t\t\t\t\t\t\t\t$('#gallery-1.FGM-Collage').removeWhitespace().collagePlus(\r\n\t\t\t\t\t\t\t\t\t\t{\r\n\t\t\t\t\t\t\t\t\t\t\t\t'targetHeight'  \t\t: 150,\r\n\t\t\t\t\t\t\t\t\t\t\t\t'padding'\t\t\t\t: 10,\r\n\t\t\t\t\t\t\t\t\t\t\t\t'allowPartialLastRow'   : true\r\n\t\t\t\t\t\t\t\t\t\t\t}\r\n\t\t\t\t\t\t\t\t\t\t);\r\n\t\t\t\t\t\t\t\t\t};\t\t\t\t\t\t\r\n\t\t\t\t\t\t\t\t\t$(document).ready(function(){\r\n\t\t\t\t\t\t\t\t\t\tcollage();\r\n\t\t\t\t\t\t\t\t\t});\t\r\n\t\t\t\t\t\t\t\t\tvar resizeTimer = null;\r\n\t\t\t\t\t\t\t\t\t$(window).bind('resize', function() {\r\n\t\t\t\t\t\t\t\t\t\t$('.FGM-Collage .fg-gallery-item').css(\"opacity\", 0);\r\n\t\t\t\t\t\t\t\t\t\tif (resizeTimer) clearTimeout(resizeTimer);\r\n\t\t\t\t\t\t\t\t\t\tresizeTimer = setTimeout(collage, 200);\r\n\t\t\t\t\t\t\t\t\t});\t\r\n\t\t\t\t\t\t}\r\n\t\t\t\t\t});\r\n\t\t\t\t\t});<\/script><script type=\"text\/javascript\">\r\n\t\t\t\t\t\tjQuery(function($){\r\n\t\t\t\t\t\t\t$('#gallery-1 .fg_magnificPopup').magnificPopup({\r\n\t\t\t\t\t\t\t\ttype: 'image',\t\t\t\t\t\r\n\t\t\t\t\t\t\t\tgallery:{\r\n\t\t\t\t\t\t\t\t\tenabled:true\r\n\t\t\t\t\t\t\t\t}\r\n\t\t\t\t\t\t\t\t});\r\n\t\t\t\t\t\t});\t\t\r\n\t\t\t\t\t<\/script>\n\t\t<div id='gallery-1' class='FGM-Collage gallery galleryid-1 gallery-size-fg_layout4 fastgallery_mosaic fg_responsive fg_style9 fg_over_image_on fg_layout4'><div class='fg-gallery-item  '><div class='gallery-icon landscape no-caption'><div class='fg_zoom'><img loading=\"lazy\" decoding=\"async\" width=\"200\" height=\"200\" src=\"https:\/\/mebf.be\/wp-content\/uploads\/2017\/10\/10-1.jpg\" class=\"attachment-fgm-1-6 size-fgm-1-6\" alt=\"\" srcset=\"https:\/\/mebf.be\/wp-content\/uploads\/2017\/10\/10-1.jpg 200w, https:\/\/mebf.be\/wp-content\/uploads\/2017\/10\/10-1-150x150.jpg 150w\" sizes=\"auto, (max-width: 200px) 100vw, 200px\" \/><a href='https:\/\/mebf.be\/wp-content\/uploads\/2017\/10\/10-1.jpg' title=\"\" data-rel-fg='prettyPhoto[album-1]' class='fg_magnificPopup'><span class='fg-zoom-icon icon-plus'><\/span><span style='display:none'><img loading=\"lazy\" decoding=\"async\" width=\"200\" height=\"200\" src=\"https:\/\/mebf.be\/wp-content\/uploads\/2017\/10\/10-1.jpg\" class=\"attachment-fgm-1-6 size-fgm-1-6\" alt=\"\" srcset=\"https:\/\/mebf.be\/wp-content\/uploads\/2017\/10\/10-1.jpg 200w, https:\/\/mebf.be\/wp-content\/uploads\/2017\/10\/10-1-150x150.jpg 150w\" sizes=\"auto, (max-width: 200px) 100vw, 200px\" \/><\/span><\/a><\/div><\/div><\/div><div class='fg-gallery-item  '><div class='gallery-icon landscape no-caption'><div class='fg_zoom'><img loading=\"lazy\" decoding=\"async\" width=\"200\" height=\"200\" src=\"https:\/\/mebf.be\/wp-content\/uploads\/2017\/10\/9-1.jpg\" class=\"attachment-fgm-2-6 size-fgm-2-6\" alt=\"\" srcset=\"https:\/\/mebf.be\/wp-content\/uploads\/2017\/10\/9-1.jpg 200w, https:\/\/mebf.be\/wp-content\/uploads\/2017\/10\/9-1-150x150.jpg 150w\" sizes=\"auto, (max-width: 200px) 100vw, 200px\" \/><a href='https:\/\/mebf.be\/wp-content\/uploads\/2017\/10\/9-1.jpg' title=\"\" data-rel-fg='prettyPhoto[album-1]' class='fg_magnificPopup'><span class='fg-zoom-icon icon-plus'><\/span><span style='display:none'><img loading=\"lazy\" decoding=\"async\" width=\"200\" height=\"200\" src=\"https:\/\/mebf.be\/wp-content\/uploads\/2017\/10\/9-1.jpg\" class=\"attachment-fgm-2-6 size-fgm-2-6\" alt=\"\" srcset=\"https:\/\/mebf.be\/wp-content\/uploads\/2017\/10\/9-1.jpg 200w, https:\/\/mebf.be\/wp-content\/uploads\/2017\/10\/9-1-150x150.jpg 150w\" sizes=\"auto, (max-width: 200px) 100vw, 200px\" \/><\/span><\/a><\/div><\/div><\/div><div class='fg-gallery-item  '><div class='gallery-icon landscape no-caption'><div class='fg_zoom'><img loading=\"lazy\" decoding=\"async\" width=\"200\" height=\"200\" src=\"https:\/\/mebf.be\/wp-content\/uploads\/2017\/10\/7-2.jpg\" class=\"attachment-fgm-3-6 size-fgm-3-6\" alt=\"\" srcset=\"https:\/\/mebf.be\/wp-content\/uploads\/2017\/10\/7-2.jpg 200w, https:\/\/mebf.be\/wp-content\/uploads\/2017\/10\/7-2-150x150.jpg 150w\" sizes=\"auto, (max-width: 200px) 100vw, 200px\" \/><a href='https:\/\/mebf.be\/wp-content\/uploads\/2017\/10\/7-2.jpg' title=\"\" data-rel-fg='prettyPhoto[album-1]' class='fg_magnificPopup'><span class='fg-zoom-icon icon-plus'><\/span><span style='display:none'><img loading=\"lazy\" decoding=\"async\" width=\"200\" height=\"200\" src=\"https:\/\/mebf.be\/wp-content\/uploads\/2017\/10\/7-2.jpg\" class=\"attachment-fgm-3-6 size-fgm-3-6\" alt=\"\" srcset=\"https:\/\/mebf.be\/wp-content\/uploads\/2017\/10\/7-2.jpg 200w, https:\/\/mebf.be\/wp-content\/uploads\/2017\/10\/7-2-150x150.jpg 150w\" sizes=\"auto, (max-width: 200px) 100vw, 200px\" \/><\/span><\/a><\/div><\/div><\/div><div class='fg-gallery-item  '><div class='gallery-icon landscape no-caption'><div class='fg_zoom'><img loading=\"lazy\" decoding=\"async\" width=\"200\" height=\"200\" src=\"https:\/\/mebf.be\/wp-content\/uploads\/2017\/10\/6-2.jpg\" class=\"attachment-fgm-1-6 size-fgm-1-6\" alt=\"\" srcset=\"https:\/\/mebf.be\/wp-content\/uploads\/2017\/10\/6-2.jpg 200w, https:\/\/mebf.be\/wp-content\/uploads\/2017\/10\/6-2-150x150.jpg 150w\" sizes=\"auto, (max-width: 200px) 100vw, 200px\" \/><a href='https:\/\/mebf.be\/wp-content\/uploads\/2017\/10\/6-2.jpg' title=\"\" data-rel-fg='prettyPhoto[album-1]' class='fg_magnificPopup'><span class='fg-zoom-icon icon-plus'><\/span><span style='display:none'><img loading=\"lazy\" decoding=\"async\" width=\"200\" height=\"200\" src=\"https:\/\/mebf.be\/wp-content\/uploads\/2017\/10\/6-2.jpg\" class=\"attachment-fgm-1-6 size-fgm-1-6\" alt=\"\" srcset=\"https:\/\/mebf.be\/wp-content\/uploads\/2017\/10\/6-2.jpg 200w, https:\/\/mebf.be\/wp-content\/uploads\/2017\/10\/6-2-150x150.jpg 150w\" sizes=\"auto, (max-width: 200px) 100vw, 200px\" \/><\/span><\/a><\/div><\/div><\/div><div class='fg-gallery-item  '><div class='gallery-icon landscape no-caption'><div class='fg_zoom'><img loading=\"lazy\" decoding=\"async\" width=\"200\" height=\"200\" src=\"https:\/\/mebf.be\/wp-content\/uploads\/2017\/10\/5-3.jpg\" class=\"attachment-fgm-2-6 size-fgm-2-6\" alt=\"\" srcset=\"https:\/\/mebf.be\/wp-content\/uploads\/2017\/10\/5-3.jpg 200w, https:\/\/mebf.be\/wp-content\/uploads\/2017\/10\/5-3-150x150.jpg 150w\" sizes=\"auto, (max-width: 200px) 100vw, 200px\" \/><a href='https:\/\/mebf.be\/wp-content\/uploads\/2017\/10\/5-3.jpg' title=\"\" data-rel-fg='prettyPhoto[album-1]' class='fg_magnificPopup'><span class='fg-zoom-icon icon-plus'><\/span><span style='display:none'><img loading=\"lazy\" decoding=\"async\" width=\"200\" height=\"200\" src=\"https:\/\/mebf.be\/wp-content\/uploads\/2017\/10\/5-3.jpg\" class=\"attachment-fgm-2-6 size-fgm-2-6\" alt=\"\" srcset=\"https:\/\/mebf.be\/wp-content\/uploads\/2017\/10\/5-3.jpg 200w, https:\/\/mebf.be\/wp-content\/uploads\/2017\/10\/5-3-150x150.jpg 150w\" sizes=\"auto, (max-width: 200px) 100vw, 200px\" \/><\/span><\/a><\/div><\/div><\/div><div class='fg-gallery-item  '><div class='gallery-icon landscape no-caption'><div class='fg_zoom'><img loading=\"lazy\" decoding=\"async\" width=\"200\" height=\"200\" src=\"https:\/\/mebf.be\/wp-content\/uploads\/2017\/10\/4-2.jpg\" class=\"attachment-fgm-3-6 size-fgm-3-6\" alt=\"\" srcset=\"https:\/\/mebf.be\/wp-content\/uploads\/2017\/10\/4-2.jpg 200w, https:\/\/mebf.be\/wp-content\/uploads\/2017\/10\/4-2-150x150.jpg 150w\" sizes=\"auto, (max-width: 200px) 100vw, 200px\" \/><a href='https:\/\/mebf.be\/wp-content\/uploads\/2017\/10\/4-2.jpg' title=\"\" data-rel-fg='prettyPhoto[album-1]' class='fg_magnificPopup'><span class='fg-zoom-icon icon-plus'><\/span><span style='display:none'><img loading=\"lazy\" decoding=\"async\" width=\"200\" height=\"200\" src=\"https:\/\/mebf.be\/wp-content\/uploads\/2017\/10\/4-2.jpg\" class=\"attachment-fgm-3-6 size-fgm-3-6\" alt=\"\" srcset=\"https:\/\/mebf.be\/wp-content\/uploads\/2017\/10\/4-2.jpg 200w, https:\/\/mebf.be\/wp-content\/uploads\/2017\/10\/4-2-150x150.jpg 150w\" sizes=\"auto, (max-width: 200px) 100vw, 200px\" \/><\/span><\/a><\/div><\/div><\/div><div class='fg-gallery-item  '><div class='gallery-icon landscape no-caption'><div class='fg_zoom'><img loading=\"lazy\" decoding=\"async\" width=\"200\" height=\"200\" src=\"https:\/\/mebf.be\/wp-content\/uploads\/2017\/10\/1-4.jpg\" class=\"attachment-fgm-1-6 size-fgm-1-6\" alt=\"\" srcset=\"https:\/\/mebf.be\/wp-content\/uploads\/2017\/10\/1-4.jpg 200w, https:\/\/mebf.be\/wp-content\/uploads\/2017\/10\/1-4-150x150.jpg 150w\" sizes=\"auto, (max-width: 200px) 100vw, 200px\" \/><a href='https:\/\/mebf.be\/wp-content\/uploads\/2017\/10\/1-4.jpg' title=\"\" data-rel-fg='prettyPhoto[album-1]' class='fg_magnificPopup'><span class='fg-zoom-icon icon-plus'><\/span><span style='display:none'><img loading=\"lazy\" decoding=\"async\" width=\"200\" height=\"200\" src=\"https:\/\/mebf.be\/wp-content\/uploads\/2017\/10\/1-4.jpg\" class=\"attachment-fgm-1-6 size-fgm-1-6\" alt=\"\" srcset=\"https:\/\/mebf.be\/wp-content\/uploads\/2017\/10\/1-4.jpg 200w, https:\/\/mebf.be\/wp-content\/uploads\/2017\/10\/1-4-150x150.jpg 150w\" sizes=\"auto, (max-width: 200px) 100vw, 200px\" \/><\/span><\/a><\/div><\/div><\/div><div class='fg-gallery-item  '><div class='gallery-icon landscape no-caption'><div class='fg_zoom'><img loading=\"lazy\" decoding=\"async\" width=\"400\" height=\"269\" src=\"https:\/\/mebf.be\/wp-content\/uploads\/2017\/10\/CET-Power-logo-baseline-medium.jpg\" class=\"attachment-fgm-2-6 size-fgm-2-6\" alt=\"\" srcset=\"https:\/\/mebf.be\/wp-content\/uploads\/2017\/10\/CET-Power-logo-baseline-medium.jpg 400w, https:\/\/mebf.be\/wp-content\/uploads\/2017\/10\/CET-Power-logo-baseline-medium-300x202.jpg 300w\" sizes=\"auto, (max-width: 400px) 100vw, 400px\" \/><a href='https:\/\/mebf.be\/wp-content\/uploads\/2017\/10\/CET-Power-logo-baseline-medium.jpg' title=\"\" data-rel-fg='prettyPhoto[album-1]' class='fg_magnificPopup'><span class='fg-zoom-icon icon-plus'><\/span><span style='display:none'><img loading=\"lazy\" decoding=\"async\" width=\"400\" height=\"269\" src=\"https:\/\/mebf.be\/wp-content\/uploads\/2017\/10\/CET-Power-logo-baseline-medium.jpg\" class=\"attachment-fgm-2-6 size-fgm-2-6\" alt=\"\" srcset=\"https:\/\/mebf.be\/wp-content\/uploads\/2017\/10\/CET-Power-logo-baseline-medium.jpg 400w, https:\/\/mebf.be\/wp-content\/uploads\/2017\/10\/CET-Power-logo-baseline-medium-300x202.jpg 300w\" sizes=\"auto, (max-width: 400px) 100vw, 400px\" \/><\/span><\/a><\/div><\/div><\/div><div class='fg-gallery-item  '><div class='gallery-icon landscape no-caption'><div class='fg_zoom'><img loading=\"lazy\" decoding=\"async\" width=\"200\" height=\"200\" src=\"https:\/\/mebf.be\/wp-content\/uploads\/2017\/10\/logoCMI.png\" class=\"attachment-fgm-2-6 size-fgm-2-6\" alt=\"\" srcset=\"https:\/\/mebf.be\/wp-content\/uploads\/2017\/10\/logoCMI.png 200w, https:\/\/mebf.be\/wp-content\/uploads\/2017\/10\/logoCMI-150x150.png 150w\" sizes=\"auto, (max-width: 200px) 100vw, 200px\" \/><a href='https:\/\/mebf.be\/wp-content\/uploads\/2017\/10\/logoCMI.png' title=\"\" data-rel-fg='prettyPhoto[album-1]' class='fg_magnificPopup'><span class='fg-zoom-icon icon-plus'><\/span><span style='display:none'><img loading=\"lazy\" decoding=\"async\" width=\"200\" height=\"200\" src=\"https:\/\/mebf.be\/wp-content\/uploads\/2017\/10\/logoCMI.png\" class=\"attachment-fgm-2-6 size-fgm-2-6\" alt=\"\" srcset=\"https:\/\/mebf.be\/wp-content\/uploads\/2017\/10\/logoCMI.png 200w, https:\/\/mebf.be\/wp-content\/uploads\/2017\/10\/logoCMI-150x150.png 150w\" sizes=\"auto, (max-width: 200px) 100vw, 200px\" \/><\/span><\/a><\/div><\/div><\/div>\r\n\t\t\t\t\t<\/div>\n[\/vc_column_inner][vc_column_inner width=&#8221;1\/6&#8243;][\/vc_column_inner][\/vc_row_inner][\/vc_column][\/vc_row]<\/p>\n<\/div>","protected":false},"excerpt":{"rendered":"<p>[vc_row][vc_column][vc_column_text] L&#8217;entreprise poss\u00e8de de nombreuses r\u00e9f\u00e9rences dans divers domaines d&#8217;activit\u00e9s : [\/vc_column_text][vc_row_inner][vc_column_inner width=&#8221;1\/6&#8243;][\/vc_column_inner][vc_column_inner width=&#8221;2\/3&#8243;][\/vc_column_inner][vc_column_inner width=&#8221;1\/6&#8243;][\/vc_column_inner][\/vc_row_inner][\/vc_column][\/vc_row]<\/p>\n","protected":false},"author":1,"featured_media":0,"parent":0,"menu_order":0,"comment_status":"closed","ping_status":"closed","template":"","meta":{"footnotes":""},"class_list":["post-16","page","type-page","status-publish","hentry","description-off"],"_links":{"self":[{"href":"https:\/\/mebf.be\/fr\/wp-json\/wp\/v2\/pages\/16","targetHints":{"allow":["GET"]}}],"collection":[{"href":"https:\/\/mebf.be\/fr\/wp-json\/wp\/v2\/pages"}],"about":[{"href":"https:\/\/mebf.be\/fr\/wp-json\/wp\/v2\/types\/page"}],"author":[{"embeddable":true,"href":"https:\/\/mebf.be\/fr\/wp-json\/wp\/v2\/users\/1"}],"replies":[{"embeddable":true,"href":"https:\/\/mebf.be\/fr\/wp-json\/wp\/v2\/comments?post=16"}],"version-history":[{"count":7,"href":"https:\/\/mebf.be\/fr\/wp-json\/wp\/v2\/pages\/16\/revisions"}],"predecessor-version":[{"id":842,"href":"https:\/\/mebf.be\/fr\/wp-json\/wp\/v2\/pages\/16\/revisions\/842"}],"wp:attachment":[{"href":"https:\/\/mebf.be\/fr\/wp-json\/wp\/v2\/media?parent=16"}],"curies":[{"name":"wp","href":"https:\/\/api.w.org\/{rel}","templated":true}]}}