{"id":139,"date":"2017-10-26T18:57:52","date_gmt":"2017-10-26T16:57:52","guid":{"rendered":"http:\/\/metaux.devref.be?page_id=139"},"modified":"2021-01-13T09:46:02","modified_gmt":"2021-01-13T08:46:02","slug":"outillage","status":"publish","type":"page","link":"https:\/\/mebf.be\/fr\/secteurs-dactivite\/outillage\/","title":{"rendered":"Outillage\/Usinage"},"content":{"rendered":"<div class=\"wpb-content-wrapper\"><p>[vc_row][vc_column width=&#8221;1\/2&#8243;][vc_column_text]MEBF est \u00e9quip\u00e9e de plus de 10 centres d\u2019usinage de 3 axes \u00e0 5 axes permettant de r\u00e9aliser des pi\u00e8ces jusqu\u2019\u00e0 2500 mm, de tours num\u00e9riques, de machines conventionnelles, de rectifieuses planes et cylindriques et de machines d\u2019\u00e9lectro\u00e9rosion par enfon\u00e7age ou par fil.<\/p>\n<p>Nous disposons \u00e9galement d\u2019un robot de chargement afin d\u2019optimiser les param\u00e8tres de production\u00a0: co\u00fbts, d\u00e9lais et qualit\u00e9<\/p>\n<p>Cet atelier lui permet de r\u00e9aliser des composants au \u00b5m et de r\u00e9aliser ses propres outillages (fraisage, soudure, presse et contr\u00f4le) pour fabriquer les pi\u00e8ces demand\u00e9es par les clients.<\/p>\n<p>L\u2019entreprise garantit, \u00e0 ses clients, l\u2019exclusivit\u00e9 de ces calibres et outils. Elle les stocke pour les besoins ult\u00e9rieurs du client.<\/p>\n<p style=\"text-align: justify;\">L\u2019entreprise garantit, \u00e0 ses clients, l\u2019exclusivit\u00e9 de ces calibres et outils. Elle les stocke pour les besoins ult\u00e9rieurs du client.<\/p>\n<p>[\/vc_column_text][\/vc_column][vc_column width=&#8221;1\/2&#8243;]<div id=\"ult-carousel-351133078669ee2b622e6e2\" class=\"ult-carousel-wrapper   ult_horizontal\" data-gutter=\"15\" data-rtl=\"false\" ><div class=\"ult-carousel-316670607669ee2b622e5a5 \" >[vc_single_image image=&#8221;141&#8243; img_size=&#8221;400&#215;350&#8243; alignment=&#8221;center&#8221; style=&#8221;vc_box_border&#8221; onclick=&#8221;link_image&#8221; css_animation=&#8221;fadeIn&#8221;][vc_single_image image=&#8221;140&#8243; img_size=&#8221;400&#215;350&#8243; alignment=&#8221;center&#8221; style=&#8221;vc_box_border&#8221; onclick=&#8221;link_image&#8221; css_animation=&#8221;fadeIn&#8221;][vc_single_image image=&#8221;821&#8243; img_size=&#8221;400&#215;350&#8243; alignment=&#8221;center&#8221; style=&#8221;vc_box_border&#8221; onclick=&#8221;link_image&#8221; css_animation=&#8221;fadeIn&#8221;][vc_single_image image=&#8221;822&#8243; img_size=&#8221;400&#215;350&#8243; alignment=&#8221;center&#8221; style=&#8221;vc_box_border&#8221; onclick=&#8221;link_image&#8221; css_animation=&#8221;fadeIn&#8221;][vc_single_image image=&#8221;823&#8243; img_size=&#8221;400&#215;350&#8243; alignment=&#8221;center&#8221; style=&#8221;vc_box_border&#8221; onclick=&#8221;link_image&#8221; css_animation=&#8221;fadeIn&#8221;][vc_single_image image=&#8221;826&#8243; img_size=&#8221;400&#215;350&#8243; alignment=&#8221;center&#8221; style=&#8221;vc_box_border&#8221; onclick=&#8221;link_image&#8221; css_animation=&#8221;fadeIn&#8221;][vc_single_image image=&#8221;825&#8243; img_size=&#8221;400&#215;350&#8243; alignment=&#8221;center&#8221; style=&#8221;vc_box_border&#8221; onclick=&#8221;link_image&#8221; css_animation=&#8221;fadeIn&#8221;]<\/div><\/div>\t\t\t<script type=\"text\/javascript\">\n\t\t\t\tjQuery(document).ready(function ($) {\n\t\t\t\t\tif( typeof jQuery('.ult-carousel-316670607669ee2b622e5a5').slick == \"function\"){\n\t\t\t\t\t\t$('.ult-carousel-316670607669ee2b622e5a5').slick({dots: true,autoplay: true,autoplaySpeed: \"3000\",speed: \"300\",infinite: true,arrows: true,nextArrow: '<button type=\"button\" role=\"button\" aria-label=\"Next\" style=\"color:#1a5ea3; font-size:20px;\" class=\"slick-next default\"><i class=\"ultsl-arrow-right4\"><\/i><\/button>',prevArrow: '<button type=\"button\" role=\"button\" aria-label=\"Previous\" style=\"color:#1a5ea3; font-size:20px;\" class=\"slick-prev default\"><i class=\"ultsl-arrow-left4\"><\/i><\/button>',slidesToScroll:1,slidesToShow:1,swipe: true,draggable: true,touchMove: true,pauseOnHover: true,pauseOnFocus: false,responsive: [\n\t\t\t\t\t\t\t{\n\t\t\t\t\t\t\t  breakpoint: 1026,\n\t\t\t\t\t\t\t  settings: {\n\t\t\t\t\t\t\t\tslidesToShow: 1,\n\t\t\t\t\t\t\t\tslidesToScroll: 1,  \n\t\t\t\t\t\t\t  }\n\t\t\t\t\t\t\t},\n\t\t\t\t\t\t\t{\n\t\t\t\t\t\t\t  breakpoint: 1025,\n\t\t\t\t\t\t\t  settings: {\n\t\t\t\t\t\t\t\tslidesToShow: 1,\n\t\t\t\t\t\t\t\tslidesToScroll: 1\n\t\t\t\t\t\t\t  }\n\t\t\t\t\t\t\t},\n\t\t\t\t\t\t\t{\n\t\t\t\t\t\t\t  breakpoint: 760,\n\t\t\t\t\t\t\t  settings: {\n\t\t\t\t\t\t\t\tslidesToShow: 1,\n\t\t\t\t\t\t\t\tslidesToScroll: 1\n\t\t\t\t\t\t\t  }\n\t\t\t\t\t\t\t}\n\t\t\t\t\t\t],pauseOnDotsHover: true,customPaging: function(slider, i) {\n                   return '<i type=\"button\" style= \"color:#1a5ea3;\" class=\"ultsl-checkbox-partial\" data-role=\"none\"><\/i>';\n                },});\n\t\t\t\t\t}\n\t\t\t\t});\n\t\t\t<\/script>\n\t\t\t[\/vc_column][\/vc_row][vc_row type=&#8221;vc_default&#8221; full_width=&#8221;stretch_row&#8221; bg_type=&#8221;bg_color&#8221; bg_override=&#8221;ex-full&#8221; bg_color_value=&#8221;#f4f4f4&#8243;][vc_column][vc_empty_space]<div class=\"dt-fancy-separator h3-size style-disabled\" style=\"width: 100%;\"><div class=\"dt-fancy-title\" style=\"color: #555555;\"><span class=\"separator-holder separator-left\"><\/span>NOS ACTIVIT\u00c9S<span class=\"separator-holder separator-right\"><\/span><\/div><\/div><div class=\"hr-thin style-dashed accent-border-color\" style=\"width: 10%;border-top-width: 5px;\"><\/div>[vc_empty_space][vc_row_inner][vc_column_inner width=&#8221;1\/4&#8243;]<div tabindex=\"0\" class=\"ult-new-ib ult-ib-effect-style6  ult-ib-resp ult-ib2-min-height \" data-min-width=\"768\" data-max-width=\"900\" style=\"background:#4e6593; opacity:0; \" data-opacity=\"0.4\" data-hover-opacity=\"0.2\"  data-min-height=\"230\" ><img decoding=\"async\" class=\"ult-new-ib-img\" style=\"opacity:0.4;\" alt=\"null\" src=\"https:\/\/mebf.be\/wp-content\/uploads\/2017\/10\/decoupe-laser-1-1.jpg\"  data-min-height=\"230\"   \/><div id=\"interactive-banner-wrap-5902\" class=\"ult-new-ib-desc\" style=\"\"><h2 class=\"ult-new-ib-title ult-responsive\"  data-ultimate-target='#interactive-banner-wrap-5902 .ult-new-ib-title'  data-responsive-json-new='{\"font-size\":\"desktop:22px;\",\"line-height\":\"\"}'  style=\"font-weight:bold;color:#ffffff;\">D\u00c9COUPE LASER<\/h2><\/div><a class=\"ult-new-ib-link\" href=\"?page_id=76\"  ><\/a><\/div>[\/vc_column_inner][vc_column_inner width=&#8221;1\/4&#8243;]<div tabindex=\"0\" class=\"ult-new-ib ult-ib-effect-style6  ult-ib-resp ult-ib2-min-height \" data-min-width=\"768\" data-max-width=\"900\" style=\"background:#4e6593; opacity:0; \" data-opacity=\"0.4\" data-hover-opacity=\"0.2\"  data-min-height=\"230\" ><img decoding=\"async\" class=\"ult-new-ib-img\" style=\"opacity:0.4;\" alt=\"null\" src=\"https:\/\/mebf.be\/wp-content\/uploads\/2017\/10\/poinconnage-1.jpg\"  data-min-height=\"230\"   \/><div id=\"interactive-banner-wrap-8654\" class=\"ult-new-ib-desc\" style=\"\"><h2 class=\"ult-new-ib-title ult-responsive\"  data-ultimate-target='#interactive-banner-wrap-8654 .ult-new-ib-title'  data-responsive-json-new='{\"font-size\":\"desktop:22px;\",\"line-height\":\"\"}'  style=\"font-weight:bold;color:#ffffff;\">POIN\u00c7ONNAGE<\/h2><\/div><a class=\"ult-new-ib-link\" href=\"?page_id=114\"  ><\/a><\/div>[\/vc_column_inner][vc_column_inner width=&#8221;1\/4&#8243;]<div tabindex=\"0\" class=\"ult-new-ib ult-ib-effect-style6  ult-ib-resp ult-ib2-min-height \" data-min-width=\"768\" data-max-width=\"900\" style=\"background:#4e6593; opacity:0; \" data-opacity=\"0.4\" data-hover-opacity=\"0.2\"  data-min-height=\"230\" ><img decoding=\"async\" class=\"ult-new-ib-img\" style=\"opacity:0.4;\" alt=\"null\" src=\"https:\/\/mebf.be\/wp-content\/uploads\/2017\/10\/soudures-3.jpg\"  data-min-height=\"230\"   \/><div id=\"interactive-banner-wrap-1846\" class=\"ult-new-ib-desc\" style=\"\"><h2 class=\"ult-new-ib-title ult-responsive\"  data-ultimate-target='#interactive-banner-wrap-1846 .ult-new-ib-title'  data-responsive-json-new='{\"font-size\":\"desktop:22px;\",\"line-height\":\"\"}'  style=\"font-weight:bold;color:#ffffff;\">SOUDURE<\/h2><\/div><a class=\"ult-new-ib-link\" href=\"?page_id=126\"  ><\/a><\/div>[\/vc_column_inner][vc_column_inner width=&#8221;1\/4&#8243;]<div tabindex=\"0\" class=\"ult-new-ib ult-ib-effect-style6  ult-ib-resp ult-ib2-min-height \" data-min-width=\"768\" data-max-width=\"900\" style=\"background:#4e6593; opacity:0; \" data-opacity=\"0.4\" data-hover-opacity=\"0.2\"  data-min-height=\"230\" ><img decoding=\"async\" class=\"ult-new-ib-img\" style=\"opacity:0.4;\" alt=\"null\" src=\"https:\/\/mebf.be\/wp-content\/uploads\/2017\/10\/pliage-cnc-3.jpg\"  data-min-height=\"230\"   \/><div id=\"interactive-banner-wrap-2667\" class=\"ult-new-ib-desc\" style=\"\"><h2 class=\"ult-new-ib-title ult-responsive\"  data-ultimate-target='#interactive-banner-wrap-2667 .ult-new-ib-title'  data-responsive-json-new='{\"font-size\":\"desktop:22px;\",\"line-height\":\"\"}'  style=\"font-weight:bold;color:#ffffff;\">PLIAGE CNC<\/h2><\/div><a class=\"ult-new-ib-link\" href=\"http:\/\/metaux.devref.be?page_id=118\"  ><\/a><\/div>[\/vc_column_inner][\/vc_row_inner][vc_row_inner][vc_column_inner width=&#8221;1\/4&#8243;]<div tabindex=\"0\" class=\"ult-new-ib ult-ib-effect-style6  ult-ib-resp ult-ib2-min-height \" data-min-width=\"768\" data-max-width=\"900\" style=\"background:#4e6593; opacity:0; \" data-opacity=\"0.4\" data-hover-opacity=\"0.2\"  data-min-height=\"230\" ><img decoding=\"async\" class=\"ult-new-ib-img\" style=\"opacity:0.4;\" alt=\"null\" src=\"https:\/\/mebf.be\/wp-content\/uploads\/2017\/10\/decoupage-1.jpg\"  data-min-height=\"230\"   \/><div id=\"interactive-banner-wrap-1531\" class=\"ult-new-ib-desc\" style=\"\"><h2 class=\"ult-new-ib-title ult-responsive\"  data-ultimate-target='#interactive-banner-wrap-1531 .ult-new-ib-title'  data-responsive-json-new='{\"font-size\":\"desktop:22px;\",\"line-height\":\"\"}'  style=\"font-weight:bold;color:#ffffff;\">D\u00c9COUPAGE - EMBOUTISSAGE<\/h2><\/div><a class=\"ult-new-ib-link\" href=\"?page_id=131\"  ><\/a><\/div>[\/vc_column_inner][vc_column_inner width=&#8221;1\/4&#8243;]<div tabindex=\"0\" class=\"ult-new-ib ult-ib-effect-style6  ult-ib-resp ult-ib2-min-height \" data-min-width=\"768\" data-max-width=\"900\" style=\"background:#4e6593; opacity:0; \" data-opacity=\"0.4\" data-hover-opacity=\"0.2\"  data-min-height=\"230\" ><img decoding=\"async\" class=\"ult-new-ib-img\" style=\"opacity:0.4;\" alt=\"null\" src=\"https:\/\/mebf.be\/wp-content\/uploads\/2017\/10\/assemblage-1.jpg\"  data-min-height=\"230\"   \/><div id=\"interactive-banner-wrap-4965\" class=\"ult-new-ib-desc\" style=\"\"><h2 class=\"ult-new-ib-title ult-responsive\"  data-ultimate-target='#interactive-banner-wrap-4965 .ult-new-ib-title'  data-responsive-json-new='{\"font-size\":\"desktop:22px;\",\"line-height\":\"\"}'  style=\"font-weight:bold;color:#ffffff;\">ASSEMBLAGE<\/h2><\/div><a class=\"ult-new-ib-link\" href=\"?page_id=134\"  ><\/a><\/div>[\/vc_column_inner][vc_column_inner width=&#8221;1\/4&#8243;]<div tabindex=\"0\" class=\"ult-new-ib ult-ib-effect-style6  ult-ib-resp ult-ib2-min-height \" data-min-width=\"768\" data-max-width=\"900\" style=\"background:#4e6593; opacity:0; \" data-opacity=\"0.4\" data-hover-opacity=\"0.2\"  data-min-height=\"230\" ><img decoding=\"async\" class=\"ult-new-ib-img\" style=\"opacity:0.4;\" alt=\"null\" src=\"https:\/\/mebf.be\/wp-content\/uploads\/2017\/10\/outillage-1.jpg\"  data-min-height=\"230\"   \/><div id=\"interactive-banner-wrap-8615\" class=\"ult-new-ib-desc\" style=\"\"><h2 class=\"ult-new-ib-title ult-responsive\"  data-ultimate-target='#interactive-banner-wrap-8615 .ult-new-ib-title'  data-responsive-json-new='{\"font-size\":\"desktop:22px;\",\"line-height\":\"\"}'  style=\"font-weight:bold;color:#ffffff;\">USINAGE<\/h2><\/div><a class=\"ult-new-ib-link\" href=\"?page_id=139\"  ><\/a><\/div>[\/vc_column_inner][vc_column_inner width=&#8221;1\/4&#8243;]<div tabindex=\"0\" class=\"ult-new-ib ult-ib-effect-style6  ult-ib-resp ult-ib2-min-height \" data-min-width=\"768\" data-max-width=\"900\" style=\"background:#4e6593; opacity:0; \" data-opacity=\"0.4\" data-hover-opacity=\"0.2\"  data-min-height=\"230\" ><img decoding=\"async\" class=\"ult-new-ib-img\" style=\"opacity:0.4;\" alt=\"null\" src=\"https:\/\/mebf.be\/wp-content\/uploads\/2017\/10\/Photo-vignette-activit\u00e9s-compl\u00e9mentaires.jpg\"  data-min-height=\"230\"   \/><div id=\"interactive-banner-wrap-4084\" class=\"ult-new-ib-desc\" style=\"\"><h2 class=\"ult-new-ib-title ult-responsive\"  data-ultimate-target='#interactive-banner-wrap-4084 .ult-new-ib-title'  data-responsive-json-new='{\"font-size\":\"desktop:22px;\",\"line-height\":\"\"}'  style=\"font-weight:bold;color:#ffffff;\">ACTIVIT\u00c9S COMPL\u00c9MENTAIRES<\/h2><\/div><a class=\"ult-new-ib-link\" href=\"?page_id=151\"  ><\/a><\/div>[\/vc_column_inner][\/vc_row_inner][vc_empty_space][\/vc_column][\/vc_row][vc_row type=&#8221;vc_default&#8221; full_width=&#8221;stretch_row&#8221; bg_type=&#8221;bg_color&#8221; bg_override=&#8221;ex-full&#8221; bg_color_value=&#8221;#23416e&#8221;][vc_column width=&#8221;5\/6&#8243;][vc_column_text]<\/p>\n<h3><span style=\"color: #ffffff;\">Pour toute demande d&#8217;information, notre service commercial est \u00e0 votre enti\u00e8re disposition&#8230;<\/span><\/h3>\n<p>[\/vc_column_text][\/vc_column][vc_column width=&#8221;1\/6&#8243;]<div class=\" ubtn-ctn-right \"><a class=\"ubtn-link ult-adjust-bottom-margin ubtn-right ubtn-block \" href=\"mailto:web@www.metauxemboutis.be\" ><button type=\"button\" id=\"ubtn-7062\"  class=\"ubtn ult-adjust-bottom-margin ult-responsive ubtn-block ubtn-no-hover-bg  none  ubtn-sep-icon ubtn-sep-icon-at-left  ubtn-right  ubtn-only-icon   tooltip-69ee2b6230df6 ubtn-block\"  data-hover=\"#ffffff\" data-border-color=\"\" data-bg=\"#ffffff\" data-hover-bg=\"#000000\" data-border-hover=\"\" data-shadow-hover=\"\" data-shadow-click=\"none\" data-shadow=\"\" data-shd-shadow=\"\"  data-ultimate-target='#ubtn-7062'  data-responsive-json-new='{\"font-size\":\"desktop:16px;\",\"line-height\":\"\"}'  style=\"font-weight:bold;border:none;background: #ffffff;color: #00326f;\"><span class=\"ubtn-data ubtn-icon\"><i class=\"Defaults-envelope-o\" style=\"font-size:32px;color:;\"><\/i><\/span><span class=\"ubtn-hover\" style=\"background-color:#000000\"><\/span><span class=\"ubtn-data ubtn-text \" ><\/span><\/button><\/a><\/div>[\/vc_column][\/vc_row]<\/p>\n<\/div>","protected":false},"excerpt":{"rendered":"<p>[vc_row][vc_column width=&#8221;1\/2&#8243;][vc_column_text]MEBF est \u00e9quip\u00e9e de plus de 10 centres d\u2019usinage de 3 axes \u00e0 5 axes permettant de r\u00e9aliser des pi\u00e8ces jusqu\u2019\u00e0 2500 mm, de tours num\u00e9riques, de machines conventionnelles, de rectifieuses planes et cylindriques et de machines d\u2019\u00e9lectro\u00e9rosion par enfon\u00e7age ou par fil. Nous disposons \u00e9galement d\u2019un robot de chargement afin d\u2019optimiser les param\u00e8tres&hellip;<\/p>\n","protected":false},"author":1,"featured_media":0,"parent":14,"menu_order":0,"comment_status":"closed","ping_status":"closed","template":"","meta":{"footnotes":""},"class_list":["post-139","page","type-page","status-publish","hentry","description-off"],"_links":{"self":[{"href":"https:\/\/mebf.be\/fr\/wp-json\/wp\/v2\/pages\/139","targetHints":{"allow":["GET"]}}],"collection":[{"href":"https:\/\/mebf.be\/fr\/wp-json\/wp\/v2\/pages"}],"about":[{"href":"https:\/\/mebf.be\/fr\/wp-json\/wp\/v2\/types\/page"}],"author":[{"embeddable":true,"href":"https:\/\/mebf.be\/fr\/wp-json\/wp\/v2\/users\/1"}],"replies":[{"embeddable":true,"href":"https:\/\/mebf.be\/fr\/wp-json\/wp\/v2\/comments?post=139"}],"version-history":[{"count":11,"href":"https:\/\/mebf.be\/fr\/wp-json\/wp\/v2\/pages\/139\/revisions"}],"predecessor-version":[{"id":2259,"href":"https:\/\/mebf.be\/fr\/wp-json\/wp\/v2\/pages\/139\/revisions\/2259"}],"up":[{"embeddable":true,"href":"https:\/\/mebf.be\/fr\/wp-json\/wp\/v2\/pages\/14"}],"wp:attachment":[{"href":"https:\/\/mebf.be\/fr\/wp-json\/wp\/v2\/media?parent=139"}],"curies":[{"name":"wp","href":"https:\/\/api.w.org\/{rel}","templated":true}]}}