{"id":11,"date":"2017-10-23T18:34:24","date_gmt":"2017-10-23T16:34:24","guid":{"rendered":"http:\/\/metaux.devref.be\/?page_id=11"},"modified":"2021-01-15T11:58:54","modified_gmt":"2021-01-15T10:58:54","slug":"accueil","status":"publish","type":"page","link":"https:\/\/mebf.be\/fr\/","title":{"rendered":"Accueil"},"content":{"rendered":"<div class=\"wpb-content-wrapper\"><p>[vc_row type=&#8221;vc_default&#8221; full_width=&#8221;stretch_row&#8221; bg_type=&#8221;bg_color&#8221; bg_override=&#8221;ex-full&#8221; bg_color_value=&#8221;#23416e&#8221;][vc_column width=&#8221;5\/6&#8243;][vc_column_text]<\/p>\n<h2><span style=\"color: #ffffff;\">Le groupe MEBF meca, votre partenaire du d\u00e9veloppement \u00e0 la r\u00e9alisation de vos projets&#8230;!<\/span><\/h2>\n<p>[\/vc_column_text][\/vc_column][vc_column width=&#8221;1\/6&#8243;]<div class=\" ubtn-ctn-right \"><a class=\"ubtn-link ult-adjust-bottom-margin ubtn-right ubtn-block \" href=\"?page_id=13\" ><button type=\"button\" id=\"ubtn-1889\"  class=\"ubtn ult-adjust-bottom-margin ult-responsive ubtn-block ubtn-no-hover-bg  none  ubtn-right   tooltip-69fdcd3ea4bde ubtn-block\"  data-hover=\"#ffffff\" data-border-color=\"\" data-bg=\"#ffffff\" data-hover-bg=\"#000000\" data-border-hover=\"\" data-shadow-hover=\"\" data-shadow-click=\"none\" data-shadow=\"\" data-shd-shadow=\"\"  data-ultimate-target='#ubtn-1889'  data-responsive-json-new='{\"font-size\":\"desktop:16px;\",\"line-height\":\"\"}'  style=\"font-weight:bold;border:none;background: #ffffff;color: #00326f;\"><span class=\"ubtn-hover\" style=\"background-color:#000000\"><\/span><span class=\"ubtn-data ubtn-text \" >EN SAVOIR +<\/span><\/button><\/a><\/div>[\/vc_column][\/vc_row][vc_row][vc_column][vc_empty_space][vc_row_inner][vc_column_inner][vc_column_text]<\/p>\n<p style=\"text-align: justify;\">MEBF meca SA est sp\u00e9cialis\u00e9e dans l\u2019usinage et le travail de la t\u00f4le. Parmi les mati\u00e8res les plus couramment travaill\u00e9es, on retrouve l\u2019acier, l\u2019inox et l\u2019aluminium mais \u00e9galement une multitude d\u2019autres mat\u00e9riaux (cuivre, laiton, PVC \u2026).<\/p>\n<p style=\"text-align: justify;\">Notre expertise, notre savoir-faire et notre ma\u00eetrise des diff\u00e9rentes techniques (d\u00e9coupe laser, poin\u00e7onnage, usinage, pliage, soudure \u2026) nous permettent de contribuer au succ\u00e8s de nos clients ne leur offrant des solutions compl\u00e8tes sur mesure, de la conception \u00e0 l\u2019assemblage complet.<\/p>\n<p style=\"text-align: justify;\">Notre vaste parc machines nous permet de r\u00e9pondre \u00e0 tous types de demandes et de garantir la qualit\u00e9 et le service attendus par des acteurs locaux et internationaux, dans les secteurs exigeants comme la d\u00e9fense, le m\u00e9dical ou encore la construction.<\/p>\n<p>[\/vc_column_text][\/vc_column_inner][\/vc_row_inner][vc_empty_space][\/vc_column][\/vc_row][vc_row type=&#8221;vc_default&#8221; full_width=&#8221;stretch_row&#8221; bg_type=&#8221;bg_color&#8221; bg_override=&#8221;ex-full&#8221; bg_color_value=&#8221;#f4f4f4&#8243;][vc_column][vc_empty_space]<div class=\"dt-fancy-separator h3-size style-disabled\" style=\"width: 100%;\"><div class=\"dt-fancy-title\" style=\"color: #555555;\"><span class=\"separator-holder separator-left\"><\/span>NOS ACTIVIT\u00c9S<span class=\"separator-holder separator-right\"><\/span><\/div><\/div><div class=\"hr-thin style-dashed accent-border-color\" style=\"width: 10%;border-top-width: 5px;\"><\/div>[vc_empty_space][vc_row_inner][vc_column_inner width=&#8221;1\/4&#8243;]<div tabindex=\"0\" class=\"ult-new-ib ult-ib-effect-style6  ult-ib-resp ult-ib2-min-height \" data-min-width=\"768\" data-max-width=\"900\" style=\"background:#4e6593; opacity:0; \" data-opacity=\"0.4\" data-hover-opacity=\"0.2\"  data-min-height=\"230\" ><img decoding=\"async\" class=\"ult-new-ib-img\" style=\"opacity:0.4;\" alt=\"null\" src=\"https:\/\/mebf.be\/wp-content\/uploads\/2017\/10\/decoupe-laser-1-1.jpg\"  data-min-height=\"230\"   \/><div id=\"interactive-banner-wrap-5718\" class=\"ult-new-ib-desc\" style=\"\"><h2 class=\"ult-new-ib-title ult-responsive\"  data-ultimate-target='#interactive-banner-wrap-5718 .ult-new-ib-title'  data-responsive-json-new='{\"font-size\":\"desktop:22px;\",\"line-height\":\"\"}'  style=\"font-weight:bold;color:#ffffff;\">D\u00c9COUPE LASER<\/h2><\/div><a class=\"ult-new-ib-link\" href=\"?page_id=76\"  ><\/a><\/div>[\/vc_column_inner][vc_column_inner width=&#8221;1\/4&#8243;]<div tabindex=\"0\" class=\"ult-new-ib ult-ib-effect-style6  ult-ib-resp ult-ib2-min-height \" data-min-width=\"768\" data-max-width=\"900\" style=\"background:#4e6593; opacity:0; \" data-opacity=\"0.4\" data-hover-opacity=\"0.2\"  data-min-height=\"230\" ><img decoding=\"async\" class=\"ult-new-ib-img\" style=\"opacity:0.4;\" alt=\"null\" src=\"https:\/\/mebf.be\/wp-content\/uploads\/2017\/10\/poinconnage-1.jpg\"  data-min-height=\"230\"   \/><div id=\"interactive-banner-wrap-1185\" class=\"ult-new-ib-desc\" style=\"\"><h2 class=\"ult-new-ib-title ult-responsive\"  data-ultimate-target='#interactive-banner-wrap-1185 .ult-new-ib-title'  data-responsive-json-new='{\"font-size\":\"desktop:22px;\",\"line-height\":\"\"}'  style=\"font-weight:bold;color:#ffffff;\">POIN\u00c7ONNAGE<\/h2><\/div><a class=\"ult-new-ib-link\" href=\"?page_id=114\"  ><\/a><\/div>[\/vc_column_inner][vc_column_inner width=&#8221;1\/4&#8243;]<div tabindex=\"0\" class=\"ult-new-ib ult-ib-effect-style6  ult-ib-resp ult-ib2-min-height \" data-min-width=\"768\" data-max-width=\"900\" style=\"background:#4e6593; opacity:0; \" data-opacity=\"0.4\" data-hover-opacity=\"0.2\"  data-min-height=\"230\" ><img decoding=\"async\" class=\"ult-new-ib-img\" style=\"opacity:0.4;\" alt=\"null\" src=\"https:\/\/mebf.be\/wp-content\/uploads\/2017\/10\/soudures-3.jpg\"  data-min-height=\"230\"   \/><div id=\"interactive-banner-wrap-4821\" class=\"ult-new-ib-desc\" style=\"\"><h2 class=\"ult-new-ib-title ult-responsive\"  data-ultimate-target='#interactive-banner-wrap-4821 .ult-new-ib-title'  data-responsive-json-new='{\"font-size\":\"desktop:22px;\",\"line-height\":\"\"}'  style=\"font-weight:bold;color:#ffffff;\">SOUDURE<\/h2><\/div><a class=\"ult-new-ib-link\" href=\"?page_id=126\"  ><\/a><\/div>[\/vc_column_inner][vc_column_inner width=&#8221;1\/4&#8243;]<div tabindex=\"0\" class=\"ult-new-ib ult-ib-effect-style6  ult-ib-resp ult-ib2-min-height \" data-min-width=\"768\" data-max-width=\"900\" style=\"background:#4e6593; opacity:0; \" data-opacity=\"0.4\" data-hover-opacity=\"0.2\"  data-min-height=\"230\" ><img decoding=\"async\" class=\"ult-new-ib-img\" style=\"opacity:0.4;\" alt=\"null\" src=\"https:\/\/mebf.be\/wp-content\/uploads\/2017\/10\/pliage-cnc-3.jpg\"  data-min-height=\"230\"   \/><div id=\"interactive-banner-wrap-1865\" class=\"ult-new-ib-desc\" style=\"\"><h2 class=\"ult-new-ib-title ult-responsive\"  data-ultimate-target='#interactive-banner-wrap-1865 .ult-new-ib-title'  data-responsive-json-new='{\"font-size\":\"desktop:22px;\",\"line-height\":\"\"}'  style=\"font-weight:bold;color:#ffffff;\">PLIAGE CNC<\/h2><\/div><a class=\"ult-new-ib-link\" href=\"https:\/\/mebf.be\/fr\/secteurs-dactivite\/pliage-cnc\/\" title=\"Pliage CNC\"  ><\/a><\/div>[\/vc_column_inner][\/vc_row_inner][vc_row_inner][vc_column_inner width=&#8221;1\/4&#8243;]<div tabindex=\"0\" class=\"ult-new-ib ult-ib-effect-style6  ult-ib-resp ult-ib2-min-height \" data-min-width=\"768\" data-max-width=\"900\" style=\"background:#4e6593; opacity:0; \" data-opacity=\"0.4\" data-hover-opacity=\"0.2\"  data-min-height=\"230\" ><img decoding=\"async\" class=\"ult-new-ib-img\" style=\"opacity:0.4;\" alt=\"null\" src=\"https:\/\/mebf.be\/wp-content\/uploads\/2017\/10\/decoupage-1.jpg\"  data-min-height=\"230\"   \/><div id=\"interactive-banner-wrap-5974\" class=\"ult-new-ib-desc\" style=\"\"><h2 class=\"ult-new-ib-title ult-responsive\"  data-ultimate-target='#interactive-banner-wrap-5974 .ult-new-ib-title'  data-responsive-json-new='{\"font-size\":\"desktop:22px;\",\"line-height\":\"\"}'  style=\"font-weight:bold;color:#ffffff;\">D\u00c9COUPAGE - EMBOUTISSAGE<\/h2><\/div><a class=\"ult-new-ib-link\" href=\"?page_id=131\"  ><\/a><\/div>[\/vc_column_inner][vc_column_inner width=&#8221;1\/4&#8243;]<div tabindex=\"0\" class=\"ult-new-ib ult-ib-effect-style6  ult-ib-resp ult-ib2-min-height \" data-min-width=\"768\" data-max-width=\"900\" style=\"background:#4e6593; opacity:0; \" data-opacity=\"0.4\" data-hover-opacity=\"0.2\"  data-min-height=\"230\" ><img decoding=\"async\" class=\"ult-new-ib-img\" style=\"opacity:0.4;\" alt=\"null\" src=\"https:\/\/mebf.be\/wp-content\/uploads\/2017\/10\/assemblage-1.jpg\"  data-min-height=\"230\"   \/><div id=\"interactive-banner-wrap-5800\" class=\"ult-new-ib-desc\" style=\"\"><h2 class=\"ult-new-ib-title ult-responsive\"  data-ultimate-target='#interactive-banner-wrap-5800 .ult-new-ib-title'  data-responsive-json-new='{\"font-size\":\"desktop:22px;\",\"line-height\":\"\"}'  style=\"font-weight:bold;color:#ffffff;\">ASSEMBLAGE<\/h2><\/div><a class=\"ult-new-ib-link\" href=\"?page_id=134\"  ><\/a><\/div>[\/vc_column_inner][vc_column_inner width=&#8221;1\/4&#8243;]<div tabindex=\"0\" class=\"ult-new-ib ult-ib-effect-style6  ult-ib-resp ult-ib2-min-height \" data-min-width=\"768\" data-max-width=\"900\" style=\"background:#4e6593; opacity:0; \" data-opacity=\"0.4\" data-hover-opacity=\"0.2\"  data-min-height=\"230\" ><img decoding=\"async\" class=\"ult-new-ib-img\" style=\"opacity:0.4;\" alt=\"null\" src=\"https:\/\/mebf.be\/wp-content\/uploads\/2017\/10\/outillage-1.jpg\"  data-min-height=\"230\"   \/><div id=\"interactive-banner-wrap-9233\" class=\"ult-new-ib-desc\" style=\"\"><h2 class=\"ult-new-ib-title ult-responsive\"  data-ultimate-target='#interactive-banner-wrap-9233 .ult-new-ib-title'  data-responsive-json-new='{\"font-size\":\"desktop:22px;\",\"line-height\":\"\"}'  style=\"font-weight:bold;color:#ffffff;\">USINAGE<\/h2><\/div><a class=\"ult-new-ib-link\" href=\"?page_id=139\"  ><\/a><\/div>[\/vc_column_inner][vc_column_inner width=&#8221;1\/4&#8243;]<div tabindex=\"0\" class=\"ult-new-ib ult-ib-effect-style6  ult-ib-resp ult-ib2-min-height \" data-min-width=\"768\" data-max-width=\"900\" style=\"background:#4e6593; opacity:0; \" data-opacity=\"0.4\" data-hover-opacity=\"0.2\"  data-min-height=\"230\" ><img decoding=\"async\" class=\"ult-new-ib-img\" style=\"opacity:0.4;\" alt=\"null\" src=\"https:\/\/mebf.be\/wp-content\/uploads\/2017\/10\/Photo-vignette-activit\u00e9s-compl\u00e9mentaires.jpg\"  data-min-height=\"230\"   \/><div id=\"interactive-banner-wrap-8648\" class=\"ult-new-ib-desc\" style=\"\"><h2 class=\"ult-new-ib-title ult-responsive\"  data-ultimate-target='#interactive-banner-wrap-8648 .ult-new-ib-title'  data-responsive-json-new='{\"font-size\":\"desktop:22px;\",\"line-height\":\"\"}'  style=\"font-weight:bold;color:#ffffff;\">ACTIVIT\u00c9S COMPL\u00c9MENTAIRES<\/h2><\/div><a class=\"ult-new-ib-link\" href=\"?page_id=151\"  ><\/a><\/div>[\/vc_column_inner][\/vc_row_inner][vc_empty_space][\/vc_column][\/vc_row]<\/p>\n<\/div>","protected":false},"excerpt":{"rendered":"<p>[vc_row type=&#8221;vc_default&#8221; full_width=&#8221;stretch_row&#8221; bg_type=&#8221;bg_color&#8221; bg_override=&#8221;ex-full&#8221; bg_color_value=&#8221;#23416e&#8221;][vc_column width=&#8221;5\/6&#8243;][vc_column_text] Le groupe MEBF meca, votre partenaire du d\u00e9veloppement \u00e0 la r\u00e9alisation de vos projets&#8230;! [\/vc_column_text][\/vc_column][vc_column width=&#8221;1\/6&#8243;][\/vc_column][\/vc_row][vc_row][vc_column][vc_empty_space][vc_row_inner][vc_column_inner][vc_column_text] MEBF meca SA est sp\u00e9cialis\u00e9e dans l\u2019usinage et le travail de la t\u00f4le. Parmi les mati\u00e8res les plus couramment travaill\u00e9es, on retrouve l\u2019acier, l\u2019inox et l\u2019aluminium mais \u00e9galement une multitude d\u2019autres mat\u00e9riaux&hellip;<\/p>\n","protected":false},"author":1,"featured_media":0,"parent":0,"menu_order":0,"comment_status":"closed","ping_status":"closed","template":"","meta":{"footnotes":""},"class_list":["post-11","page","type-page","status-publish","hentry","description-off"],"_links":{"self":[{"href":"https:\/\/mebf.be\/fr\/wp-json\/wp\/v2\/pages\/11","targetHints":{"allow":["GET"]}}],"collection":[{"href":"https:\/\/mebf.be\/fr\/wp-json\/wp\/v2\/pages"}],"about":[{"href":"https:\/\/mebf.be\/fr\/wp-json\/wp\/v2\/types\/page"}],"author":[{"embeddable":true,"href":"https:\/\/mebf.be\/fr\/wp-json\/wp\/v2\/users\/1"}],"replies":[{"embeddable":true,"href":"https:\/\/mebf.be\/fr\/wp-json\/wp\/v2\/comments?post=11"}],"version-history":[{"count":29,"href":"https:\/\/mebf.be\/fr\/wp-json\/wp\/v2\/pages\/11\/revisions"}],"predecessor-version":[{"id":2282,"href":"https:\/\/mebf.be\/fr\/wp-json\/wp\/v2\/pages\/11\/revisions\/2282"}],"wp:attachment":[{"href":"https:\/\/mebf.be\/fr\/wp-json\/wp\/v2\/media?parent=11"}],"curies":[{"name":"wp","href":"https:\/\/api.w.org\/{rel}","templated":true}]}}